{"id":4173,"date":"2023-03-15T08:25:09","date_gmt":"2023-03-15T07:25:09","guid":{"rendered":"https:\/\/the-right-bin.ch\/?page_id=4173"},"modified":"2026-02-23T09:44:11","modified_gmt":"2026-02-23T08:44:11","slug":"politique-de-confidentialite-et-mentions-legales","status":"publish","type":"page","link":"https:\/\/the-right-bin.ch\/fr\/politique-de-confidentialite-et-mentions-legales\/","title":{"rendered":"Politique de confidentialit\u00e9 et mentions l\u00e9gales"},"content":{"rendered":"<!--themify_builder_content-->\n<div id=\"themify_builder_content-4173\" data-postid=\"4173\" class=\"themify_builder_content themify_builder_content-4173 themify_builder tf_clear\">\n                    <div  data-lazy=\"1\" class=\"module_row themify_builder_row tb_4hhn609 tb_first tf_w\">\n                        <div class=\"row_inner col_align_top tb_col_count_1 tf_box tf_rel\">\n                        <div  data-lazy=\"1\" class=\"module_column tb-column col-full tb_z1p4610 first\">\n                            <div  data-lazy=\"1\" class=\"module_subrow themify_builder_sub_row tf_w col_align_top tb_col_count_2 tb_crat911\">\n                <div  data-lazy=\"1\" class=\"module_column sub_column tb_y30u912 first\">\n                    <!-- module text -->\n<div  class=\"module module-text tb_rnzr495   \" data-lazy=\"1\">\n        <div  class=\"tb_text_wrap\">\n        <h3>Politique de confidentialit\u00e9<\/h3>\n<p>La commune de Zermatt (ci-apr\u00e8s d\u00e9nomm\u00e9e \u00abEWG\u00bb) traite les donn\u00e9es personnelles de mani\u00e8re confidentielle et conform\u00e9ment aux dispositions l\u00e9gales en mati\u00e8re de protection des donn\u00e9es ainsi et \u00e0 la pr\u00e9sente politique de confidentialit\u00e9. Elle ne divulgue les donn\u00e9es personnelles \u00e0 des tiers que si des dispositions l\u00e9gales ou r\u00e9glementaires l\u2019exigent imp\u00e9rativement.<\/p>\n<h5>Mentions l\u00e9gales<\/h5>\n<p>Einwohnergemeinde Zermatt<br>Kirchplatz 3<br>Postfach 345<br>CH-3920 Zermatt<\/p>    <\/div>\n<\/div>\n<!-- \/module text -->        <\/div>\n                    <div  data-lazy=\"1\" class=\"module_column sub_column tb_oba6913 last\">\n                    <!-- module image -->\n<div  class=\"module module-image tb_3rrd780 image-center   tf_mw hover-wow\" data-tf-animation_hover=\"pulse\" data-lazy=\"1\">\n        <div class=\"image-wrap tf_rel tf_mw\">\n            <img loading=\"lazy\" decoding=\"async\" src=\"https:\/\/the-right-bin.ch\/wp-content\/uploads\/2022\/09\/Rundbild-3-500x495-2-500x494.png\" width=\"500\" height=\"494\" class=\"wp-post-image wp-image-2611\" title=\"Rundbild-3-500x495\" alt=\"Rundbild-3-500x495\" srcset=\"https:\/\/the-right-bin.ch\/wp-content\/uploads\/2022\/09\/Rundbild-3-500x495-2.png 500w, https:\/\/the-right-bin.ch\/wp-content\/uploads\/2022\/09\/Rundbild-3-500x495-2-300x297.png 300w\" sizes=\"auto, (max-width: 500px) 100vw, 500px\" \/>    \n        <\/div>\n    <!-- \/image-wrap -->\n    \n        <\/div>\n<!-- \/module image -->        <\/div>\n                    <\/div>\n                <\/div>\n                        <\/div>\n        <\/div>\n                        <div  data-lazy=\"1\" class=\"module_row themify_builder_row tb_q1im90 tf_w\">\n                        <div class=\"row_inner col_align_top tb_col_count_1 tf_box tf_rel\">\n                        <div  data-lazy=\"1\" class=\"module_column tb-column col-full tb_s32s90 first\">\n                            <div  data-lazy=\"1\" class=\"module_subrow themify_builder_sub_row tf_w col_align_top tb_col_count_2 tb_evsn91\">\n                <div  data-lazy=\"1\" class=\"module_column sub_column tb_msc091 first\">\n                    <!-- module text -->\n<div  class=\"module module-text tb_e65w91   \" data-lazy=\"1\">\n        <div  class=\"tb_text_wrap\">\n        <h5>S\u00e9curit\u00e9 des donn\u00e9es<\/h5>\n<p>Les donn\u00e9es non crypt\u00e9es sur Internet ne sont pas s\u00e9curis\u00e9es. Il n\u2019est donc pas exclu que des donn\u00e9es transmises sans \u00eatre crypt\u00e9es puissent \u00eatre lues ou modifi\u00e9es par des tiers non autoris\u00e9s.<\/p>\n<h5>Fichiers journaux du serveur<\/h5>\n<p>Le fournisseur des pages collecte et stocke automatiquement des informations dans ce que l\u2019on appelle des fichiers journaux de serveur, que votre navigateur nous transmet. Ces informations sont les suivantes:<\/p>\n<ul>\n<li><span style=\"background-color: initial;\">Type et version du navigateur<\/span><\/li>\n<li><span style=\"background-color: initial;\">Syst\u00e8me d\u2019exploitation utilis\u00e9<\/span><\/li>\n<li><span style=\"background-color: initial;\">R\u00e9f\u00e9rent URL<\/span><\/li>\n<li><span style=\"background-color: initial;\">Nom d\u2019h\u00f4te de l\u2019ordinateur d\u2019acc\u00e8s<\/span><\/li>\n<li><span style=\"background-color: initial;\">Heure de la demande du serveur<\/span><\/li>\n<li><span style=\"background-color: initial;\">Votre adresse IP<\/span><\/li>\n<\/ul>\n<p>Ces donn\u00e9es sont anonymes et ne peuvent pas \u00eatre attribu\u00e9es \u00e0 des personnes sp\u00e9cifiques. En Suisse, conform\u00e9ment \u00e0 la Loi f\u00e9d\u00e9rale sur la surveillance de la correspondance par poste et t\u00e9l\u00e9communication (LSCPT), il existe une obligation l\u00e9gale de conserver les donn\u00e9es de connexion des six derniers mois. Les autres donn\u00e9es personnelles ne seront enregistr\u00e9es que si vous les saisissez volontairement.<\/p>    <\/div>\n<\/div>\n<!-- \/module text -->        <\/div>\n                    <div  data-lazy=\"1\" class=\"module_column sub_column tb_0zni91 last\">\n                    <!-- module text -->\n<div  class=\"module module-text tb_6s9x91   \" data-lazy=\"1\">\n        <div  class=\"tb_text_wrap\">\n        <h5>Formulaire de contact<\/h5>\n<p>Si vous nous transmettez des demandes par le biais du formulaire de contact, les informations contenues dans ce formulaire, y compris les donn\u00e9es de contact que vous y avez fournies, seront enregistr\u00e9es par nos soins afin de traiter votre demande et de r\u00e9pondre aux questions ult\u00e9rieures et ne seront partag\u00e9es avec des tiers qu\u2019avec votre consentement.<\/p>\n<h5>Google Analytics, cookies et boutons de partage des r\u00e9seaux sociaux<\/h5>\n<p class=\"p1\">Le site Internet de l\u2019EWG n\u2019utilise pas d\u2019outils d\u2019analyse de tiers (comme Google Analytics). Les cookies et boutons de partage des r\u00e9seaux sociaux (par ex. Facebook, Twitter, etc.) ne sont pas utilis\u00e9s.<\/p>\n<h5>Liens et contenus de sites tiers int\u00e9gr\u00e9s<\/h5>\n<p>L\u2019EWG ne peut \u00eatre tenue responsable des liens menant vers des sites tiers ni de la nature des informations contenues dans ces liens. Le respect des dispositions relatives \u00e0 la protection des donn\u00e9es rel\u00e8ve enti\u00e8rement de la responsabilit\u00e9 du tiers concern\u00e9 pour les sites Internet li\u00e9s.<\/p>\n<h5>Droit \u00e0 l\u2019information<\/h5>\n<p>Vous avez le droit d\u2019obtenir des informations sur vos donn\u00e9es \u00e0 caract\u00e8re personnel stock\u00e9es. Pour cela, ainsi que pour toute autre question relative aux donn\u00e9es personnelles, vous pouvez nous contacter par \u00e9crit \u00e0 l\u2019adresse indiqu\u00e9e dans les mentions l\u00e9gales.<\/p>\n<p>\u00a0<\/p>    <\/div>\n<\/div>\n<!-- \/module text -->        <\/div>\n                    <\/div>\n                <\/div>\n                        <\/div>\n        <\/div>\n        <\/div>\n<!--\/themify_builder_content-->","protected":false},"excerpt":{"rendered":"<p>Politique de confidentialit\u00e9 La commune de Zermatt (ci-apr\u00e8s d\u00e9nomm\u00e9e \u00abEWG\u00bb) traite les donn\u00e9es personnelles de mani\u00e8re confidentielle et conform\u00e9ment aux dispositions l\u00e9gales en mati\u00e8re de protection des donn\u00e9es ainsi et \u00e0 la pr\u00e9sente politique de confidentialit\u00e9. Elle ne divulgue les donn\u00e9es personnelles \u00e0 des tiers que si des dispositions l\u00e9gales ou r\u00e9glementaires l\u2019exigent imp\u00e9rativement. Mentions [&hellip;]<\/p>\n","protected":false},"author":1,"featured_media":0,"parent":0,"menu_order":0,"comment_status":"closed","ping_status":"closed","template":"","meta":{"footnotes":""},"class_list":["post-4173","page","type-page","status-publish","hentry","has-post-title","has-post-date","has-post-category","has-post-tag","has-post-comment","has-post-author",""],"yoast_head":"<!-- This site is optimized with the Yoast SEO plugin v27.2 - https:\/\/yoast.com\/product\/yoast-seo-wordpress\/ -->\n<title>Politique de confidentialit\u00e9 et mentions l\u00e9gales | Zermatt Entsorgung \u2013 THE RIGHT BIN<\/title>\n<meta name=\"robots\" content=\"index, follow, max-snippet:-1, max-image-preview:large, max-video-preview:-1\" \/>\n<link rel=\"canonical\" href=\"https:\/\/the-right-bin.ch\/fr\/politique-de-confidentialite-et-mentions-legales\/\" \/>\n<meta property=\"og:locale\" content=\"fr_FR\" \/>\n<meta property=\"og:type\" content=\"article\" \/>\n<meta property=\"og:title\" content=\"Politique de confidentialit\u00e9 et mentions l\u00e9gales | Zermatt Entsorgung \u2013 THE RIGHT BIN\" \/>\n<meta property=\"og:description\" content=\"Politique de confidentialit\u00e9 La commune de Zermatt (ci-apr\u00e8s d\u00e9nomm\u00e9e \u00abEWG\u00bb) traite les donn\u00e9es personnelles de mani\u00e8re confidentielle et conform\u00e9ment aux dispositions l\u00e9gales en mati\u00e8re de protection des donn\u00e9es ainsi et \u00e0 la pr\u00e9sente politique de confidentialit\u00e9. Elle ne divulgue les donn\u00e9es personnelles \u00e0 des tiers que si des dispositions l\u00e9gales ou r\u00e9glementaires l\u2019exigent imp\u00e9rativement. Mentions [&hellip;]\" \/>\n<meta property=\"og:url\" content=\"https:\/\/the-right-bin.ch\/fr\/politique-de-confidentialite-et-mentions-legales\/\" \/>\n<meta property=\"og:site_name\" content=\"Zermatt Entsorgung \u2013 THE RIGHT BIN\" \/>\n<meta property=\"article:modified_time\" content=\"2026-02-23T08:44:11+00:00\" \/>\n<meta property=\"og:image\" content=\"https:\/\/the-right-bin.ch\/wp-content\/uploads\/2022\/09\/Rundbild-3-500x495-2.png\" \/>\n\t<meta property=\"og:image:width\" content=\"500\" \/>\n\t<meta property=\"og:image:height\" content=\"495\" \/>\n\t<meta property=\"og:image:type\" content=\"image\/png\" \/>\n<meta name=\"twitter:card\" content=\"summary_large_image\" \/>\n<script type=\"application\/ld+json\" class=\"yoast-schema-graph\">{\"@context\":\"https:\/\/schema.org\",\"@graph\":[{\"@type\":\"WebPage\",\"@id\":\"https:\/\/the-right-bin.ch\/fr\/politique-de-confidentialite-et-mentions-legales\/\",\"url\":\"https:\/\/the-right-bin.ch\/fr\/politique-de-confidentialite-et-mentions-legales\/\",\"name\":\"Politique de confidentialit\u00e9 et mentions l\u00e9gales | Zermatt Entsorgung \u2013 THE RIGHT BIN\",\"isPartOf\":{\"@id\":\"https:\/\/the-right-bin.ch\/fr\/#website\"},\"primaryImageOfPage\":{\"@id\":\"https:\/\/the-right-bin.ch\/fr\/politique-de-confidentialite-et-mentions-legales\/#primaryimage\"},\"image\":{\"@id\":\"https:\/\/the-right-bin.ch\/fr\/politique-de-confidentialite-et-mentions-legales\/#primaryimage\"},\"thumbnailUrl\":\"https:\/\/the-right-bin.ch\/wp-content\/uploads\/2022\/09\/Rundbild-3-500x495-2-500x494.png\",\"datePublished\":\"2023-03-15T07:25:09+00:00\",\"dateModified\":\"2026-02-23T08:44:11+00:00\",\"breadcrumb\":{\"@id\":\"https:\/\/the-right-bin.ch\/fr\/politique-de-confidentialite-et-mentions-legales\/#breadcrumb\"},\"inLanguage\":\"fr-FR\",\"potentialAction\":[{\"@type\":\"ReadAction\",\"target\":[\"https:\/\/the-right-bin.ch\/fr\/politique-de-confidentialite-et-mentions-legales\/\"]}]},{\"@type\":\"ImageObject\",\"inLanguage\":\"fr-FR\",\"@id\":\"https:\/\/the-right-bin.ch\/fr\/politique-de-confidentialite-et-mentions-legales\/#primaryimage\",\"url\":\"https:\/\/the-right-bin.ch\/wp-content\/uploads\/2022\/09\/Rundbild-3-500x495-2-500x494.png\",\"contentUrl\":\"https:\/\/the-right-bin.ch\/wp-content\/uploads\/2022\/09\/Rundbild-3-500x495-2-500x494.png\"},{\"@type\":\"BreadcrumbList\",\"@id\":\"https:\/\/the-right-bin.ch\/fr\/politique-de-confidentialite-et-mentions-legales\/#breadcrumb\",\"itemListElement\":[{\"@type\":\"ListItem\",\"position\":1,\"name\":\"Startseite\",\"item\":\"https:\/\/the-right-bin.ch\/fr\/\"},{\"@type\":\"ListItem\",\"position\":2,\"name\":\"Politique de confidentialit\u00e9 et mentions l\u00e9gales\"}]},{\"@type\":\"WebSite\",\"@id\":\"https:\/\/the-right-bin.ch\/fr\/#website\",\"url\":\"https:\/\/the-right-bin.ch\/fr\/\",\"name\":\"Zermatt Entsorgung \u2013 THE RIGHT BIN\",\"description\":\"Die Wahl \u00abdes richtigen K\u00fcbels\u00bb ist dabei entscheidend. Machen Sie mit \u2013 sammeln Sie richtig!\u00bb\",\"publisher\":{\"@id\":\"https:\/\/the-right-bin.ch\/fr\/#organization\"},\"alternateName\":\"Zermatt Entsorgung\",\"potentialAction\":[{\"@type\":\"SearchAction\",\"target\":{\"@type\":\"EntryPoint\",\"urlTemplate\":\"https:\/\/the-right-bin.ch\/fr\/?s={search_term_string}\"},\"query-input\":{\"@type\":\"PropertyValueSpecification\",\"valueRequired\":true,\"valueName\":\"search_term_string\"}}],\"inLanguage\":\"fr-FR\"},{\"@type\":\"Organization\",\"@id\":\"https:\/\/the-right-bin.ch\/fr\/#organization\",\"name\":\"\u00abTHE RIGHT BIN\u00bb \u2013 Zermatt Entsorgung\",\"url\":\"https:\/\/the-right-bin.ch\/fr\/\",\"logo\":{\"@type\":\"ImageObject\",\"inLanguage\":\"fr-FR\",\"@id\":\"https:\/\/the-right-bin.ch\/fr\/#\/schema\/logo\/image\/\",\"url\":\"https:\/\/the-right-bin.ch\/wp-content\/uploads\/2022\/09\/THE-RIGHT-BIN-Zermatt-Entsorgung-Logo-WEB-2.png\",\"contentUrl\":\"https:\/\/the-right-bin.ch\/wp-content\/uploads\/2022\/09\/THE-RIGHT-BIN-Zermatt-Entsorgung-Logo-WEB-2.png\",\"width\":1000,\"height\":1000,\"caption\":\"\u00abTHE RIGHT BIN\u00bb \u2013 Zermatt Entsorgung\"},\"image\":{\"@id\":\"https:\/\/the-right-bin.ch\/fr\/#\/schema\/logo\/image\/\"}}]}<\/script>\n<!-- \/ Yoast SEO plugin. -->","yoast_head_json":{"title":"Politique de confidentialit\u00e9 et mentions l\u00e9gales | Zermatt Entsorgung \u2013 THE RIGHT BIN","robots":{"index":"index","follow":"follow","max-snippet":"max-snippet:-1","max-image-preview":"max-image-preview:large","max-video-preview":"max-video-preview:-1"},"canonical":"https:\/\/the-right-bin.ch\/fr\/politique-de-confidentialite-et-mentions-legales\/","og_locale":"fr_FR","og_type":"article","og_title":"Politique de confidentialit\u00e9 et mentions l\u00e9gales | Zermatt Entsorgung \u2013 THE RIGHT BIN","og_description":"Politique de confidentialit\u00e9 La commune de Zermatt (ci-apr\u00e8s d\u00e9nomm\u00e9e \u00abEWG\u00bb) traite les donn\u00e9es personnelles de mani\u00e8re confidentielle et conform\u00e9ment aux dispositions l\u00e9gales en mati\u00e8re de protection des donn\u00e9es ainsi et \u00e0 la pr\u00e9sente politique de confidentialit\u00e9. Elle ne divulgue les donn\u00e9es personnelles \u00e0 des tiers que si des dispositions l\u00e9gales ou r\u00e9glementaires l\u2019exigent imp\u00e9rativement. Mentions [&hellip;]","og_url":"https:\/\/the-right-bin.ch\/fr\/politique-de-confidentialite-et-mentions-legales\/","og_site_name":"Zermatt Entsorgung \u2013 THE RIGHT BIN","article_modified_time":"2026-02-23T08:44:11+00:00","og_image":[{"width":500,"height":495,"url":"https:\/\/the-right-bin.ch\/wp-content\/uploads\/2022\/09\/Rundbild-3-500x495-2.png","type":"image\/png"}],"twitter_card":"summary_large_image","schema":{"@context":"https:\/\/schema.org","@graph":[{"@type":"WebPage","@id":"https:\/\/the-right-bin.ch\/fr\/politique-de-confidentialite-et-mentions-legales\/","url":"https:\/\/the-right-bin.ch\/fr\/politique-de-confidentialite-et-mentions-legales\/","name":"Politique de confidentialit\u00e9 et mentions l\u00e9gales | Zermatt Entsorgung \u2013 THE RIGHT BIN","isPartOf":{"@id":"https:\/\/the-right-bin.ch\/fr\/#website"},"primaryImageOfPage":{"@id":"https:\/\/the-right-bin.ch\/fr\/politique-de-confidentialite-et-mentions-legales\/#primaryimage"},"image":{"@id":"https:\/\/the-right-bin.ch\/fr\/politique-de-confidentialite-et-mentions-legales\/#primaryimage"},"thumbnailUrl":"https:\/\/the-right-bin.ch\/wp-content\/uploads\/2022\/09\/Rundbild-3-500x495-2-500x494.png","datePublished":"2023-03-15T07:25:09+00:00","dateModified":"2026-02-23T08:44:11+00:00","breadcrumb":{"@id":"https:\/\/the-right-bin.ch\/fr\/politique-de-confidentialite-et-mentions-legales\/#breadcrumb"},"inLanguage":"fr-FR","potentialAction":[{"@type":"ReadAction","target":["https:\/\/the-right-bin.ch\/fr\/politique-de-confidentialite-et-mentions-legales\/"]}]},{"@type":"ImageObject","inLanguage":"fr-FR","@id":"https:\/\/the-right-bin.ch\/fr\/politique-de-confidentialite-et-mentions-legales\/#primaryimage","url":"https:\/\/the-right-bin.ch\/wp-content\/uploads\/2022\/09\/Rundbild-3-500x495-2-500x494.png","contentUrl":"https:\/\/the-right-bin.ch\/wp-content\/uploads\/2022\/09\/Rundbild-3-500x495-2-500x494.png"},{"@type":"BreadcrumbList","@id":"https:\/\/the-right-bin.ch\/fr\/politique-de-confidentialite-et-mentions-legales\/#breadcrumb","itemListElement":[{"@type":"ListItem","position":1,"name":"Startseite","item":"https:\/\/the-right-bin.ch\/fr\/"},{"@type":"ListItem","position":2,"name":"Politique de confidentialit\u00e9 et mentions l\u00e9gales"}]},{"@type":"WebSite","@id":"https:\/\/the-right-bin.ch\/fr\/#website","url":"https:\/\/the-right-bin.ch\/fr\/","name":"Zermatt Entsorgung \u2013 THE RIGHT BIN","description":"Die Wahl \u00abdes richtigen K\u00fcbels\u00bb ist dabei entscheidend. Machen Sie mit \u2013 sammeln Sie richtig!\u00bb","publisher":{"@id":"https:\/\/the-right-bin.ch\/fr\/#organization"},"alternateName":"Zermatt Entsorgung","potentialAction":[{"@type":"SearchAction","target":{"@type":"EntryPoint","urlTemplate":"https:\/\/the-right-bin.ch\/fr\/?s={search_term_string}"},"query-input":{"@type":"PropertyValueSpecification","valueRequired":true,"valueName":"search_term_string"}}],"inLanguage":"fr-FR"},{"@type":"Organization","@id":"https:\/\/the-right-bin.ch\/fr\/#organization","name":"\u00abTHE RIGHT BIN\u00bb \u2013 Zermatt Entsorgung","url":"https:\/\/the-right-bin.ch\/fr\/","logo":{"@type":"ImageObject","inLanguage":"fr-FR","@id":"https:\/\/the-right-bin.ch\/fr\/#\/schema\/logo\/image\/","url":"https:\/\/the-right-bin.ch\/wp-content\/uploads\/2022\/09\/THE-RIGHT-BIN-Zermatt-Entsorgung-Logo-WEB-2.png","contentUrl":"https:\/\/the-right-bin.ch\/wp-content\/uploads\/2022\/09\/THE-RIGHT-BIN-Zermatt-Entsorgung-Logo-WEB-2.png","width":1000,"height":1000,"caption":"\u00abTHE RIGHT BIN\u00bb \u2013 Zermatt Entsorgung"},"image":{"@id":"https:\/\/the-right-bin.ch\/fr\/#\/schema\/logo\/image\/"}}]}},"builder_content":"<h3>Politique de confidentialit\u00e9<\/h3> <p>La commune de Zermatt (ci-apr\u00e8s d\u00e9nomm\u00e9e \u00abEWG\u00bb) traite les donn\u00e9es personnelles de mani\u00e8re confidentielle et conform\u00e9ment aux dispositions l\u00e9gales en mati\u00e8re de protection des donn\u00e9es ainsi et \u00e0 la pr\u00e9sente politique de confidentialit\u00e9. Elle ne divulgue les donn\u00e9es personnelles \u00e0 des tiers que si des dispositions l\u00e9gales ou r\u00e9glementaires l\u2019exigent imp\u00e9rativement.<\/p> <h5>Mentions l\u00e9gales<\/h5> <p>Einwohnergemeinde Zermatt<br>Kirchplatz 3<br>Postfach 345<br>CH-3920 Zermatt<\/p>\n<img src=\"https:\/\/the-right-bin.ch\/wp-content\/uploads\/2022\/09\/Rundbild-3-500x495-2-500x494.png\" width=\"500\" height=\"494\" title=\"Rundbild-3-500x495\" alt=\"Rundbild-3-500x495\" srcset=\"https:\/\/the-right-bin.ch\/wp-content\/uploads\/2022\/09\/Rundbild-3-500x495-2.png 500w, https:\/\/the-right-bin.ch\/wp-content\/uploads\/2022\/09\/Rundbild-3-500x495-2-300x297.png 300w\" sizes=\"(max-width: 500px) 100vw, 500px\" \/>\n<h5>S\u00e9curit\u00e9 des donn\u00e9es<\/h5> <p>Les donn\u00e9es non crypt\u00e9es sur Internet ne sont pas s\u00e9curis\u00e9es. Il n\u2019est donc pas exclu que des donn\u00e9es transmises sans \u00eatre crypt\u00e9es puissent \u00eatre lues ou modifi\u00e9es par des tiers non autoris\u00e9s.<\/p> <h5>Fichiers journaux du serveur<\/h5> <p>Le fournisseur des pages collecte et stocke automatiquement des informations dans ce que l\u2019on appelle des fichiers journaux de serveur, que votre navigateur nous transmet. Ces informations sont les suivantes:<\/p> <ul> <li>Type et version du navigateur<\/li> <li>Syst\u00e8me d\u2019exploitation utilis\u00e9<\/li> <li>R\u00e9f\u00e9rent URL<\/li> <li>Nom d\u2019h\u00f4te de l\u2019ordinateur d\u2019acc\u00e8s<\/li> <li>Heure de la demande du serveur<\/li> <li>Votre adresse IP<\/li> <\/ul> <p>Ces donn\u00e9es sont anonymes et ne peuvent pas \u00eatre attribu\u00e9es \u00e0 des personnes sp\u00e9cifiques. En Suisse, conform\u00e9ment \u00e0 la Loi f\u00e9d\u00e9rale sur la surveillance de la correspondance par poste et t\u00e9l\u00e9communication (LSCPT), il existe une obligation l\u00e9gale de conserver les donn\u00e9es de connexion des six derniers mois. Les autres donn\u00e9es personnelles ne seront enregistr\u00e9es que si vous les saisissez volontairement.<\/p>\n<h5>Formulaire de contact<\/h5> <p>Si vous nous transmettez des demandes par le biais du formulaire de contact, les informations contenues dans ce formulaire, y compris les donn\u00e9es de contact que vous y avez fournies, seront enregistr\u00e9es par nos soins afin de traiter votre demande et de r\u00e9pondre aux questions ult\u00e9rieures et ne seront partag\u00e9es avec des tiers qu\u2019avec votre consentement.<\/p> <h5>Google Analytics, cookies et boutons de partage des r\u00e9seaux sociaux<\/h5> <p>Le site Internet de l\u2019EWG n\u2019utilise pas d\u2019outils d\u2019analyse de tiers (comme Google Analytics). Les cookies et boutons de partage des r\u00e9seaux sociaux (par ex. Facebook, Twitter, etc.) ne sont pas utilis\u00e9s.<\/p> <h5>Liens et contenus de sites tiers int\u00e9gr\u00e9s<\/h5> <p>L\u2019EWG ne peut \u00eatre tenue responsable des liens menant vers des sites tiers ni de la nature des informations contenues dans ces liens. Le respect des dispositions relatives \u00e0 la protection des donn\u00e9es rel\u00e8ve enti\u00e8rement de la responsabilit\u00e9 du tiers concern\u00e9 pour les sites Internet li\u00e9s.<\/p> <h5>Droit \u00e0 l\u2019information<\/h5> <p>Vous avez le droit d\u2019obtenir des informations sur vos donn\u00e9es \u00e0 caract\u00e8re personnel stock\u00e9es. Pour cela, ainsi que pour toute autre question relative aux donn\u00e9es personnelles, vous pouvez nous contacter par \u00e9crit \u00e0 l\u2019adresse indiqu\u00e9e dans les mentions l\u00e9gales.<\/p> <p>\u00a0<\/p>","_links":{"self":[{"href":"https:\/\/the-right-bin.ch\/fr\/wp-json\/wp\/v2\/pages\/4173","targetHints":{"allow":["GET"]}}],"collection":[{"href":"https:\/\/the-right-bin.ch\/fr\/wp-json\/wp\/v2\/pages"}],"about":[{"href":"https:\/\/the-right-bin.ch\/fr\/wp-json\/wp\/v2\/types\/page"}],"author":[{"embeddable":true,"href":"https:\/\/the-right-bin.ch\/fr\/wp-json\/wp\/v2\/users\/1"}],"replies":[{"embeddable":true,"href":"https:\/\/the-right-bin.ch\/fr\/wp-json\/wp\/v2\/comments?post=4173"}],"version-history":[{"count":8,"href":"https:\/\/the-right-bin.ch\/fr\/wp-json\/wp\/v2\/pages\/4173\/revisions"}],"predecessor-version":[{"id":4735,"href":"https:\/\/the-right-bin.ch\/fr\/wp-json\/wp\/v2\/pages\/4173\/revisions\/4735"}],"wp:attachment":[{"href":"https:\/\/the-right-bin.ch\/fr\/wp-json\/wp\/v2\/media?parent=4173"}],"curies":[{"name":"wp","href":"https:\/\/api.w.org\/{rel}","templated":true}]}}