{"id":4106,"date":"2022-10-19T09:40:24","date_gmt":"2022-10-19T07:40:24","guid":{"rendered":"https:\/\/the-right-bin.ch\/abfallstatistik\/"},"modified":"2026-03-31T09:23:17","modified_gmt":"2026-03-31T07:23:17","slug":"statistiques-sur-les-dechets","status":"publish","type":"page","link":"https:\/\/the-right-bin.ch\/fr\/statistiques-sur-les-dechets\/","title":{"rendered":"Statistiques sur les d\u00e9chets"},"content":{"rendered":"<!--themify_builder_content-->\n<div id=\"themify_builder_content-4106\" data-postid=\"4106\" class=\"themify_builder_content themify_builder_content-4106 themify_builder tf_clear\">\n                    <div  data-lazy=\"1\" class=\"module_row themify_builder_row tb_4hhn609 tb_first tf_w\">\n                        <div class=\"row_inner col_align_top tb_col_count_1 tf_box tf_rel\">\n                        <div  data-lazy=\"1\" class=\"module_column tb-column col-full tb_z1p4610 first\">\n                            <div  data-lazy=\"1\" class=\"module_subrow themify_builder_sub_row tf_w col_align_top tb_col_count_2 tb_crat911\">\n                <div  data-lazy=\"1\" class=\"module_column sub_column tb_y30u912 first\">\n                    <!-- module text -->\n<div  class=\"module module-text tb_qwqb246   \" data-lazy=\"1\">\n        <div  class=\"tb_text_wrap\">\n        <h3>Statistiques sur les d\u00e9chets<\/h3>\n<p>L\u2019\u00e9limination et le recyclage des d\u00e9chets \u00e0 Zermatt sont largement assur\u00e9s de mani\u00e8re respectueuse de l\u2019environnement. Toutefois, les efforts doivent \u00eatre maintenus afin de conserver un niveau d\u2019efficacit\u00e9 \u00e9cologique et \u00e9conomique \u00e9lev\u00e9 dans l\u2019\u00e9limination des d\u00e9chets. Par ailleurs, compte tenu de la diminution de la disponibilit\u00e9 des mati\u00e8res premi\u00e8res \u00e0 l\u2019avenir, il faut chercher des moyens d\u2019int\u00e9grer la gestion des d\u00e9chets dans un concept global de politique des mati\u00e8res premi\u00e8res et des produits.<\/p>\n<p><strong>Choisir \u00abla bonne poubelle\u00bb est d\u00e9cisif.<\/strong><br>Apportez votre contribution \u2013 faites le bon tri!<\/p>    <\/div>\n<\/div>\n<!-- \/module text -->        <\/div>\n                    <div  data-lazy=\"1\" class=\"module_column sub_column tb_oba6913 last\">\n                    <!-- module image -->\n<div  class=\"module module-image tb_3rrd780 image-center   tf_mw hover-wow\" data-tf-animation_hover=\"pulse\" data-lazy=\"1\">\n        <div class=\"image-wrap tf_rel tf_mw\">\n            <img loading=\"lazy\" decoding=\"async\" src=\"https:\/\/the-right-bin.ch\/wp-content\/uploads\/2022\/10\/Rundbild-7-500x495-1-500x494.png\" width=\"500\" height=\"494\" class=\"wp-post-image wp-image-2997\" title=\"Rundbild-7-500x495\" alt=\"Rundbild-7-500x495\" srcset=\"https:\/\/the-right-bin.ch\/wp-content\/uploads\/2022\/10\/Rundbild-7-500x495-1.png 500w, https:\/\/the-right-bin.ch\/wp-content\/uploads\/2022\/10\/Rundbild-7-500x495-1-300x297.png 300w\" sizes=\"auto, (max-width: 500px) 100vw, 500px\" \/>    \n        <\/div>\n    <!-- \/image-wrap -->\n    \n        <\/div>\n<!-- \/module image -->        <\/div>\n                    <\/div>\n                <\/div>\n                        <\/div>\n        <\/div>\n                        <div  data-lazy=\"1\" class=\"module_row themify_builder_row tb_1ncp298 tf_w\">\n                        <div class=\"row_inner col_align_top tb_col_count_1 tf_box tf_rel\">\n                        <div  data-lazy=\"1\" class=\"module_column tb-column col-full tb_xcqi299 first\">\n                            <div  data-lazy=\"1\" class=\"module_subrow themify_builder_sub_row tf_w col_align_top tb_col_count_2 tb_5i6c641\">\n                <div  data-lazy=\"1\" class=\"module_column sub_column tb_pt78642 first\">\n                    <!-- module image -->\n<div  class=\"module module-image tb_uwzo356 image-top   tf_mw\" data-lazy=\"1\">\n        <div class=\"image-wrap tf_rel tf_mw\">\n            <img loading=\"lazy\" decoding=\"async\" width=\"1480\" height=\"959\" src=\"https:\/\/the-right-bin.ch\/wp-content\/uploads\/2026\/03\/Abfallstatistik-2023-2025_web-1.png\" class=\"wp-post-image wp-image-4815\" title=\"Abfallstatistik-2023-2025_web\" alt=\"Abfallstatistik-2023-2025_web\" srcset=\"https:\/\/the-right-bin.ch\/wp-content\/uploads\/2026\/03\/Abfallstatistik-2023-2025_web-1.png 1480w, https:\/\/the-right-bin.ch\/wp-content\/uploads\/2026\/03\/Abfallstatistik-2023-2025_web-1-300x194.png 300w, https:\/\/the-right-bin.ch\/wp-content\/uploads\/2026\/03\/Abfallstatistik-2023-2025_web-1-1024x664.png 1024w, https:\/\/the-right-bin.ch\/wp-content\/uploads\/2026\/03\/Abfallstatistik-2023-2025_web-1-768x498.png 768w\" sizes=\"auto, (max-width: 1480px) 100vw, 1480px\" \/>    \n        <\/div>\n    <!-- \/image-wrap -->\n    \n        <\/div>\n<!-- \/module image -->        <\/div>\n                    <div  data-lazy=\"1\" class=\"module_column sub_column tb_w8xe642 last\">\n                    <!-- module plain text -->\n<div  class=\"module module-plain-text tb_1mu2233 \" data-lazy=\"1\">\n        <div class=\"tb_text_wrap\">\n    <table>\n  <tbody>\n    <tr>\n      <th style=\"width:65%\">Mat\u00e9riau<\/th>\n      <th>2023<\/th>\n      <th>2024<\/th>\n      <th>2025<\/th>\n      <th>%*<\/th>\n    <\/tr>\n\n    <tr><td>Ferraille<\/td><td>151<\/td><td>158<\/td><td>141<\/td><td>-10.91%<\/td><\/tr>\n    <tr><td>Verre usag\u00e9<\/td><td>1071<\/td><td>1092<\/td><td>1018<\/td><td>-6.79%<\/td><\/tr>\n    <tr><td>V\u00eatements usag\u00e9s<\/td><td>20<\/td><td>20<\/td><td>17<\/td><td>-12.93%<\/td><\/tr>\n    <tr><td>Piles M\u00e9nage<\/td><td>1<\/td><td>0<\/td><td>0<\/td><td>-100%<\/td><\/tr>\n    <tr><td>Piles au lithium<\/td><td>1<\/td><td>0<\/td><td>0<\/td><td>-100%<\/td><\/tr>\n    <tr><td>Gravats<\/td><td>157<\/td><td>101<\/td><td>238<\/td><td>135.81%<\/td><\/tr>\n    <tr><td>Divers<\/td><td>5<\/td><td>1<\/td><td>7<\/td><td>833.33%<\/td><\/tr>\n    <tr><td>D\u00e9chets \u00e9lectroniques<\/td><td>86<\/td><td>101<\/td><td>94<\/td><td>-6.76%<\/td><\/tr>\n    <tr><td>D\u00e9chets de peinture &amp; de vernis<\/td><td>1<\/td><td>1<\/td><td>3<\/td><td>102.02%<\/td><\/tr>\n    <tr><td>D\u00e9chets de jardin<\/td><td>192<\/td><td>242<\/td><td>268<\/td><td>10.91%<\/td><\/tr>\n    <tr><td>D\u00e9chets grossiers<\/td><td>813<\/td><td>850<\/td><td>793<\/td><td>-6.71%<\/td><\/tr>\n    <tr><td>Ordures m\u00e9nag\u00e8res<\/td><td>2347<\/td><td>2439<\/td><td>2550<\/td><td>4.57%<\/td><\/tr>\n    <tr><td>Bois<\/td><td>231<\/td><td>283<\/td><td>241<\/td><td>-14.76%<\/td><\/tr>\n    <tr><td>Capsules de caf\u00e9<\/td><td>0<\/td><td>3<\/td><td>3<\/td><td>10.15%<\/td><\/tr>\n    <tr><td>D\u00e9chets de cuisine<\/td><td>1835<\/td><td>1967<\/td><td>1869<\/td><td>-4.98%<\/td><\/tr>\n    <tr><td>Huile min\u00e9rale<\/td><td>2<\/td><td>1<\/td><td>2<\/td><td>100.38%<\/td><\/tr>\n    <tr><td>Papier &amp; Carton<\/td><td>864<\/td><td>851<\/td><td>749<\/td><td>-12.04%<\/td><\/tr>\n    <tr><td>Bouteilles de boissons en Pet<\/td><td>82<\/td><td>74<\/td><td>77<\/td><td>4.01%<\/td><\/tr>\n    <tr><td>D\u00e9chets sp\u00e9ciaux<\/td><td>2<\/td><td>1<\/td><td>2<\/td><td>220%<\/td><\/tr>\n    <tr><td>Huiles alimentaires<\/td><td>87<\/td><td>94<\/td><td>83<\/td><td>-11.43%<\/td><\/tr>\n    <tr><td>Fer blanc &amp; Aluminium<\/td><td>41<\/td><td>43<\/td><td>47<\/td><td>10.35%<\/td><\/tr>\n\n    <tr style=\"font-weight: bold; background-color: #000; color: #fff;\">\n      <td>Total<\/td><td>7987<\/td><td>8320<\/td><td>8201<\/td><td>4.17%<\/td>\n    <\/tr>\n  <\/tbody>\n<\/table>    <\/div>\n<\/div>\n<!-- \/module plain text --><!-- module text -->\n<div  class=\"module module-text tb_beju83   \" data-lazy=\"1\">\n        <div  class=\"tb_text_wrap\">\n        <p><strong>*<\/strong>Changement par rapport \u00e0 l&rsquo;ann\u00e9e pr\u00e9c\u00e9dente<\/p>    <\/div>\n<\/div>\n<!-- \/module text -->        <\/div>\n                    <\/div>\n                <\/div>\n                        <\/div>\n        <\/div>\n        <\/div>\n<!--\/themify_builder_content-->","protected":false},"excerpt":{"rendered":"<p>Statistiques sur les d\u00e9chets L\u2019\u00e9limination et le recyclage des d\u00e9chets \u00e0 Zermatt sont largement assur\u00e9s de mani\u00e8re respectueuse de l\u2019environnement. Toutefois, les efforts doivent \u00eatre maintenus afin de conserver un niveau d\u2019efficacit\u00e9 \u00e9cologique et \u00e9conomique \u00e9lev\u00e9 dans l\u2019\u00e9limination des d\u00e9chets. Par ailleurs, compte tenu de la diminution de la disponibilit\u00e9 des mati\u00e8res premi\u00e8res \u00e0 l\u2019avenir, [&hellip;]<\/p>\n","protected":false},"author":1,"featured_media":0,"parent":0,"menu_order":0,"comment_status":"closed","ping_status":"closed","template":"","meta":{"footnotes":""},"class_list":["post-4106","page","type-page","status-publish","hentry","has-post-title","has-post-date","has-post-category","has-post-tag","has-post-comment","has-post-author",""],"yoast_head":"<!-- This site is optimized with the Yoast SEO plugin v27.2 - https:\/\/yoast.com\/product\/yoast-seo-wordpress\/ -->\n<title>Statistiques sur les d\u00e9chets | Zermatt Entsorgung \u2013 THE RIGHT BIN<\/title>\n<meta name=\"robots\" content=\"index, follow, max-snippet:-1, max-image-preview:large, max-video-preview:-1\" \/>\n<link rel=\"canonical\" href=\"https:\/\/the-right-bin.ch\/fr\/statistiques-sur-les-dechets\/\" \/>\n<meta property=\"og:locale\" content=\"fr_FR\" \/>\n<meta property=\"og:type\" content=\"article\" \/>\n<meta property=\"og:title\" content=\"Statistiques sur les d\u00e9chets | Zermatt Entsorgung \u2013 THE RIGHT BIN\" \/>\n<meta property=\"og:description\" content=\"Statistiques sur les d\u00e9chets L\u2019\u00e9limination et le recyclage des d\u00e9chets \u00e0 Zermatt sont largement assur\u00e9s de mani\u00e8re respectueuse de l\u2019environnement. Toutefois, les efforts doivent \u00eatre maintenus afin de conserver un niveau d\u2019efficacit\u00e9 \u00e9cologique et \u00e9conomique \u00e9lev\u00e9 dans l\u2019\u00e9limination des d\u00e9chets. Par ailleurs, compte tenu de la diminution de la disponibilit\u00e9 des mati\u00e8res premi\u00e8res \u00e0 l\u2019avenir, [&hellip;]\" \/>\n<meta property=\"og:url\" content=\"https:\/\/the-right-bin.ch\/fr\/statistiques-sur-les-dechets\/\" \/>\n<meta property=\"og:site_name\" content=\"Zermatt Entsorgung \u2013 THE RIGHT BIN\" \/>\n<meta property=\"article:modified_time\" content=\"2026-03-31T07:23:17+00:00\" \/>\n<meta property=\"og:image\" content=\"https:\/\/the-right-bin.ch\/wp-content\/uploads\/2022\/10\/Rundbild-7-500x495-1.png\" \/>\n\t<meta property=\"og:image:width\" content=\"500\" \/>\n\t<meta property=\"og:image:height\" content=\"495\" \/>\n\t<meta property=\"og:image:type\" content=\"image\/png\" \/>\n<meta name=\"twitter:card\" content=\"summary_large_image\" \/>\n<script type=\"application\/ld+json\" class=\"yoast-schema-graph\">{\"@context\":\"https:\/\/schema.org\",\"@graph\":[{\"@type\":\"WebPage\",\"@id\":\"https:\/\/the-right-bin.ch\/fr\/statistiques-sur-les-dechets\/\",\"url\":\"https:\/\/the-right-bin.ch\/fr\/statistiques-sur-les-dechets\/\",\"name\":\"Statistiques sur les d\u00e9chets | Zermatt Entsorgung \u2013 THE RIGHT BIN\",\"isPartOf\":{\"@id\":\"https:\/\/the-right-bin.ch\/fr\/#website\"},\"primaryImageOfPage\":{\"@id\":\"https:\/\/the-right-bin.ch\/fr\/statistiques-sur-les-dechets\/#primaryimage\"},\"image\":{\"@id\":\"https:\/\/the-right-bin.ch\/fr\/statistiques-sur-les-dechets\/#primaryimage\"},\"thumbnailUrl\":\"https:\/\/the-right-bin.ch\/wp-content\/uploads\/2022\/10\/Rundbild-7-500x495-1-500x494.png\",\"datePublished\":\"2022-10-19T07:40:24+00:00\",\"dateModified\":\"2026-03-31T07:23:17+00:00\",\"breadcrumb\":{\"@id\":\"https:\/\/the-right-bin.ch\/fr\/statistiques-sur-les-dechets\/#breadcrumb\"},\"inLanguage\":\"fr-FR\",\"potentialAction\":[{\"@type\":\"ReadAction\",\"target\":[\"https:\/\/the-right-bin.ch\/fr\/statistiques-sur-les-dechets\/\"]}]},{\"@type\":\"ImageObject\",\"inLanguage\":\"fr-FR\",\"@id\":\"https:\/\/the-right-bin.ch\/fr\/statistiques-sur-les-dechets\/#primaryimage\",\"url\":\"https:\/\/the-right-bin.ch\/wp-content\/uploads\/2022\/10\/Rundbild-7-500x495-1-500x494.png\",\"contentUrl\":\"https:\/\/the-right-bin.ch\/wp-content\/uploads\/2022\/10\/Rundbild-7-500x495-1-500x494.png\"},{\"@type\":\"BreadcrumbList\",\"@id\":\"https:\/\/the-right-bin.ch\/fr\/statistiques-sur-les-dechets\/#breadcrumb\",\"itemListElement\":[{\"@type\":\"ListItem\",\"position\":1,\"name\":\"Startseite\",\"item\":\"https:\/\/the-right-bin.ch\/fr\/\"},{\"@type\":\"ListItem\",\"position\":2,\"name\":\"Statistiques sur les d\u00e9chets\"}]},{\"@type\":\"WebSite\",\"@id\":\"https:\/\/the-right-bin.ch\/fr\/#website\",\"url\":\"https:\/\/the-right-bin.ch\/fr\/\",\"name\":\"Zermatt Entsorgung \u2013 THE RIGHT BIN\",\"description\":\"Die Wahl \u00abdes richtigen K\u00fcbels\u00bb ist dabei entscheidend. Machen Sie mit \u2013 sammeln Sie richtig!\u00bb\",\"publisher\":{\"@id\":\"https:\/\/the-right-bin.ch\/fr\/#organization\"},\"alternateName\":\"Zermatt Entsorgung\",\"potentialAction\":[{\"@type\":\"SearchAction\",\"target\":{\"@type\":\"EntryPoint\",\"urlTemplate\":\"https:\/\/the-right-bin.ch\/fr\/?s={search_term_string}\"},\"query-input\":{\"@type\":\"PropertyValueSpecification\",\"valueRequired\":true,\"valueName\":\"search_term_string\"}}],\"inLanguage\":\"fr-FR\"},{\"@type\":\"Organization\",\"@id\":\"https:\/\/the-right-bin.ch\/fr\/#organization\",\"name\":\"\u00abTHE RIGHT BIN\u00bb \u2013 Zermatt Entsorgung\",\"url\":\"https:\/\/the-right-bin.ch\/fr\/\",\"logo\":{\"@type\":\"ImageObject\",\"inLanguage\":\"fr-FR\",\"@id\":\"https:\/\/the-right-bin.ch\/fr\/#\/schema\/logo\/image\/\",\"url\":\"https:\/\/the-right-bin.ch\/wp-content\/uploads\/2022\/09\/THE-RIGHT-BIN-Zermatt-Entsorgung-Logo-WEB-2.png\",\"contentUrl\":\"https:\/\/the-right-bin.ch\/wp-content\/uploads\/2022\/09\/THE-RIGHT-BIN-Zermatt-Entsorgung-Logo-WEB-2.png\",\"width\":1000,\"height\":1000,\"caption\":\"\u00abTHE RIGHT BIN\u00bb \u2013 Zermatt Entsorgung\"},\"image\":{\"@id\":\"https:\/\/the-right-bin.ch\/fr\/#\/schema\/logo\/image\/\"}}]}<\/script>\n<!-- \/ Yoast SEO plugin. -->","yoast_head_json":{"title":"Statistiques sur les d\u00e9chets | Zermatt Entsorgung \u2013 THE RIGHT BIN","robots":{"index":"index","follow":"follow","max-snippet":"max-snippet:-1","max-image-preview":"max-image-preview:large","max-video-preview":"max-video-preview:-1"},"canonical":"https:\/\/the-right-bin.ch\/fr\/statistiques-sur-les-dechets\/","og_locale":"fr_FR","og_type":"article","og_title":"Statistiques sur les d\u00e9chets | Zermatt Entsorgung \u2013 THE RIGHT BIN","og_description":"Statistiques sur les d\u00e9chets L\u2019\u00e9limination et le recyclage des d\u00e9chets \u00e0 Zermatt sont largement assur\u00e9s de mani\u00e8re respectueuse de l\u2019environnement. Toutefois, les efforts doivent \u00eatre maintenus afin de conserver un niveau d\u2019efficacit\u00e9 \u00e9cologique et \u00e9conomique \u00e9lev\u00e9 dans l\u2019\u00e9limination des d\u00e9chets. Par ailleurs, compte tenu de la diminution de la disponibilit\u00e9 des mati\u00e8res premi\u00e8res \u00e0 l\u2019avenir, [&hellip;]","og_url":"https:\/\/the-right-bin.ch\/fr\/statistiques-sur-les-dechets\/","og_site_name":"Zermatt Entsorgung \u2013 THE RIGHT BIN","article_modified_time":"2026-03-31T07:23:17+00:00","og_image":[{"width":500,"height":495,"url":"https:\/\/the-right-bin.ch\/wp-content\/uploads\/2022\/10\/Rundbild-7-500x495-1.png","type":"image\/png"}],"twitter_card":"summary_large_image","schema":{"@context":"https:\/\/schema.org","@graph":[{"@type":"WebPage","@id":"https:\/\/the-right-bin.ch\/fr\/statistiques-sur-les-dechets\/","url":"https:\/\/the-right-bin.ch\/fr\/statistiques-sur-les-dechets\/","name":"Statistiques sur les d\u00e9chets | Zermatt Entsorgung \u2013 THE RIGHT BIN","isPartOf":{"@id":"https:\/\/the-right-bin.ch\/fr\/#website"},"primaryImageOfPage":{"@id":"https:\/\/the-right-bin.ch\/fr\/statistiques-sur-les-dechets\/#primaryimage"},"image":{"@id":"https:\/\/the-right-bin.ch\/fr\/statistiques-sur-les-dechets\/#primaryimage"},"thumbnailUrl":"https:\/\/the-right-bin.ch\/wp-content\/uploads\/2022\/10\/Rundbild-7-500x495-1-500x494.png","datePublished":"2022-10-19T07:40:24+00:00","dateModified":"2026-03-31T07:23:17+00:00","breadcrumb":{"@id":"https:\/\/the-right-bin.ch\/fr\/statistiques-sur-les-dechets\/#breadcrumb"},"inLanguage":"fr-FR","potentialAction":[{"@type":"ReadAction","target":["https:\/\/the-right-bin.ch\/fr\/statistiques-sur-les-dechets\/"]}]},{"@type":"ImageObject","inLanguage":"fr-FR","@id":"https:\/\/the-right-bin.ch\/fr\/statistiques-sur-les-dechets\/#primaryimage","url":"https:\/\/the-right-bin.ch\/wp-content\/uploads\/2022\/10\/Rundbild-7-500x495-1-500x494.png","contentUrl":"https:\/\/the-right-bin.ch\/wp-content\/uploads\/2022\/10\/Rundbild-7-500x495-1-500x494.png"},{"@type":"BreadcrumbList","@id":"https:\/\/the-right-bin.ch\/fr\/statistiques-sur-les-dechets\/#breadcrumb","itemListElement":[{"@type":"ListItem","position":1,"name":"Startseite","item":"https:\/\/the-right-bin.ch\/fr\/"},{"@type":"ListItem","position":2,"name":"Statistiques sur les d\u00e9chets"}]},{"@type":"WebSite","@id":"https:\/\/the-right-bin.ch\/fr\/#website","url":"https:\/\/the-right-bin.ch\/fr\/","name":"Zermatt Entsorgung \u2013 THE RIGHT BIN","description":"Die Wahl \u00abdes richtigen K\u00fcbels\u00bb ist dabei entscheidend. Machen Sie mit \u2013 sammeln Sie richtig!\u00bb","publisher":{"@id":"https:\/\/the-right-bin.ch\/fr\/#organization"},"alternateName":"Zermatt Entsorgung","potentialAction":[{"@type":"SearchAction","target":{"@type":"EntryPoint","urlTemplate":"https:\/\/the-right-bin.ch\/fr\/?s={search_term_string}"},"query-input":{"@type":"PropertyValueSpecification","valueRequired":true,"valueName":"search_term_string"}}],"inLanguage":"fr-FR"},{"@type":"Organization","@id":"https:\/\/the-right-bin.ch\/fr\/#organization","name":"\u00abTHE RIGHT BIN\u00bb \u2013 Zermatt Entsorgung","url":"https:\/\/the-right-bin.ch\/fr\/","logo":{"@type":"ImageObject","inLanguage":"fr-FR","@id":"https:\/\/the-right-bin.ch\/fr\/#\/schema\/logo\/image\/","url":"https:\/\/the-right-bin.ch\/wp-content\/uploads\/2022\/09\/THE-RIGHT-BIN-Zermatt-Entsorgung-Logo-WEB-2.png","contentUrl":"https:\/\/the-right-bin.ch\/wp-content\/uploads\/2022\/09\/THE-RIGHT-BIN-Zermatt-Entsorgung-Logo-WEB-2.png","width":1000,"height":1000,"caption":"\u00abTHE RIGHT BIN\u00bb \u2013 Zermatt Entsorgung"},"image":{"@id":"https:\/\/the-right-bin.ch\/fr\/#\/schema\/logo\/image\/"}}]}},"builder_content":"<h3>Statistiques sur les d\u00e9chets<\/h3> <p>L\u2019\u00e9limination et le recyclage des d\u00e9chets \u00e0 Zermatt sont largement assur\u00e9s de mani\u00e8re respectueuse de l\u2019environnement. Toutefois, les efforts doivent \u00eatre maintenus afin de conserver un niveau d\u2019efficacit\u00e9 \u00e9cologique et \u00e9conomique \u00e9lev\u00e9 dans l\u2019\u00e9limination des d\u00e9chets. Par ailleurs, compte tenu de la diminution de la disponibilit\u00e9 des mati\u00e8res premi\u00e8res \u00e0 l\u2019avenir, il faut chercher des moyens d\u2019int\u00e9grer la gestion des d\u00e9chets dans un concept global de politique des mati\u00e8res premi\u00e8res et des produits.<\/p> <p><strong>Choisir \u00abla bonne poubelle\u00bb est d\u00e9cisif.<\/strong><br>Apportez votre contribution \u2013 faites le bon tri!<\/p>\n<img src=\"https:\/\/the-right-bin.ch\/wp-content\/uploads\/2022\/10\/Rundbild-7-500x495-1-500x494.png\" width=\"500\" height=\"494\" title=\"Rundbild-7-500x495\" alt=\"Rundbild-7-500x495\" srcset=\"https:\/\/the-right-bin.ch\/wp-content\/uploads\/2022\/10\/Rundbild-7-500x495-1.png 500w, https:\/\/the-right-bin.ch\/wp-content\/uploads\/2022\/10\/Rundbild-7-500x495-1-300x297.png 300w\" sizes=\"(max-width: 500px) 100vw, 500px\" \/>\n<img src=\"https:\/\/the-right-bin.ch\/wp-content\/uploads\/2026\/03\/Abfallstatistik-2023-2025_web-1.png\" title=\"Abfallstatistik-2023-2025_web\" alt=\"Abfallstatistik-2023-2025_web\" srcset=\"https:\/\/the-right-bin.ch\/wp-content\/uploads\/2026\/03\/Abfallstatistik-2023-2025_web-1.png 1480w, https:\/\/the-right-bin.ch\/wp-content\/uploads\/2026\/03\/Abfallstatistik-2023-2025_web-1-300x194.png 300w, https:\/\/the-right-bin.ch\/wp-content\/uploads\/2026\/03\/Abfallstatistik-2023-2025_web-1-1024x664.png 1024w, https:\/\/the-right-bin.ch\/wp-content\/uploads\/2026\/03\/Abfallstatistik-2023-2025_web-1-768x498.png 768w\" sizes=\"(max-width: 1480px) 100vw, 1480px\" \/>\n<table> <tbody> <tr> <th style=\"width:65%\">Mat\u00e9riau<\/th> <th>2023<\/th> <th>2024<\/th> <th>2025<\/th> <th>%*<\/th> <\/tr>\n <tr><td>Ferraille<\/td><td>151<\/td><td>158<\/td><td>141<\/td><td>-10.91%<\/td><\/tr> <tr><td>Verre usag\u00e9<\/td><td>1071<\/td><td>1092<\/td><td>1018<\/td><td>-6.79%<\/td><\/tr> <tr><td>V\u00eatements usag\u00e9s<\/td><td>20<\/td><td>20<\/td><td>17<\/td><td>-12.93%<\/td><\/tr> <tr><td>Piles M\u00e9nage<\/td><td>1<\/td><td>0<\/td><td>0<\/td><td>-100%<\/td><\/tr> <tr><td>Piles au lithium<\/td><td>1<\/td><td>0<\/td><td>0<\/td><td>-100%<\/td><\/tr> <tr><td>Gravats<\/td><td>157<\/td><td>101<\/td><td>238<\/td><td>135.81%<\/td><\/tr> <tr><td>Divers<\/td><td>5<\/td><td>1<\/td><td>7<\/td><td>833.33%<\/td><\/tr> <tr><td>D\u00e9chets \u00e9lectroniques<\/td><td>86<\/td><td>101<\/td><td>94<\/td><td>-6.76%<\/td><\/tr> <tr><td>D\u00e9chets de peinture &amp; de vernis<\/td><td>1<\/td><td>1<\/td><td>3<\/td><td>102.02%<\/td><\/tr> <tr><td>D\u00e9chets de jardin<\/td><td>192<\/td><td>242<\/td><td>268<\/td><td>10.91%<\/td><\/tr> <tr><td>D\u00e9chets grossiers<\/td><td>813<\/td><td>850<\/td><td>793<\/td><td>-6.71%<\/td><\/tr> <tr><td>Ordures m\u00e9nag\u00e8res<\/td><td>2347<\/td><td>2439<\/td><td>2550<\/td><td>4.57%<\/td><\/tr> <tr><td>Bois<\/td><td>231<\/td><td>283<\/td><td>241<\/td><td>-14.76%<\/td><\/tr> <tr><td>Capsules de caf\u00e9<\/td><td>0<\/td><td>3<\/td><td>3<\/td><td>10.15%<\/td><\/tr> <tr><td>D\u00e9chets de cuisine<\/td><td>1835<\/td><td>1967<\/td><td>1869<\/td><td>-4.98%<\/td><\/tr> <tr><td>Huile min\u00e9rale<\/td><td>2<\/td><td>1<\/td><td>2<\/td><td>100.38%<\/td><\/tr> <tr><td>Papier &amp; Carton<\/td><td>864<\/td><td>851<\/td><td>749<\/td><td>-12.04%<\/td><\/tr> <tr><td>Bouteilles de boissons en Pet<\/td><td>82<\/td><td>74<\/td><td>77<\/td><td>4.01%<\/td><\/tr> <tr><td>D\u00e9chets sp\u00e9ciaux<\/td><td>2<\/td><td>1<\/td><td>2<\/td><td>220%<\/td><\/tr> <tr><td>Huiles alimentaires<\/td><td>87<\/td><td>94<\/td><td>83<\/td><td>-11.43%<\/td><\/tr> <tr><td>Fer blanc &amp; Aluminium<\/td><td>41<\/td><td>43<\/td><td>47<\/td><td>10.35%<\/td><\/tr>\n <tr style=\"font-weight: bold; background-color: #000; color: #fff;\"> <td>Total<\/td><td>7987<\/td><td>8320<\/td><td>8201<\/td><td>4.17%<\/td> <\/tr> <\/tbody> <\/table>\n<p><strong>*<\/strong>Changement par rapport \u00e0 l'ann\u00e9e pr\u00e9c\u00e9dente<\/p>","_links":{"self":[{"href":"https:\/\/the-right-bin.ch\/fr\/wp-json\/wp\/v2\/pages\/4106","targetHints":{"allow":["GET"]}}],"collection":[{"href":"https:\/\/the-right-bin.ch\/fr\/wp-json\/wp\/v2\/pages"}],"about":[{"href":"https:\/\/the-right-bin.ch\/fr\/wp-json\/wp\/v2\/types\/page"}],"author":[{"embeddable":true,"href":"https:\/\/the-right-bin.ch\/fr\/wp-json\/wp\/v2\/users\/1"}],"replies":[{"embeddable":true,"href":"https:\/\/the-right-bin.ch\/fr\/wp-json\/wp\/v2\/comments?post=4106"}],"version-history":[{"count":18,"href":"https:\/\/the-right-bin.ch\/fr\/wp-json\/wp\/v2\/pages\/4106\/revisions"}],"predecessor-version":[{"id":4821,"href":"https:\/\/the-right-bin.ch\/fr\/wp-json\/wp\/v2\/pages\/4106\/revisions\/4821"}],"wp:attachment":[{"href":"https:\/\/the-right-bin.ch\/fr\/wp-json\/wp\/v2\/media?parent=4106"}],"curies":[{"name":"wp","href":"https:\/\/api.w.org\/{rel}","templated":true}]}}